{"id":1007,"date":"2022-05-20T17:20:28","date_gmt":"2022-05-20T15:20:28","guid":{"rendered":"https:\/\/www.aecoute.net\/?page_id=1007"},"modified":"2022-05-20T17:29:49","modified_gmt":"2022-05-20T15:29:49","slug":"remerciements-2","status":"publish","type":"page","link":"https:\/\/www.aecoute.net\/index.php\/remerciements-2\/","title":{"rendered":"Remerciements (Suite)"},"content":{"rendered":"\n<p>Quand nous \u00e9tions petits, on nous a appris \u00e0 dire merci \u00e0 ceux et celles qui nous donnaient quelque chose ou qui nous apportaient leur aide.<\/p>\n\n\n\n<p>Je ne d\u00e9rogerai pas \u00e0 la r\u00e8gle.<\/p>\n\n\n\n<p>Marc-Aur\u00e8le et certains auteurs ne manque pas d\u2019adresser des remerciements \u00e0 ceux qui leur ont apport\u00e9 quelque chose au niveau des id\u00e9es, de l\u2019apprentissage et de l\u2019\u00e9ducation mais encore \u00e0 ceux et celles qui les ont support\u00e9s dans toute la plys\u00e9mie du mot. Je ne me prends pas pour Marc-Aur\u00e8le mais je me sens redevables \u00e0 bien des personnes tant au niveau de ma pens\u00e9e que de la r\u00e9alisation de ma vie. Je vais donc en dresser un inventaire qui ne sera pas \u00e0 la Pr\u00e9vert.<\/p>\n\n\n\n<ul class=\"wp-block-list\"><li><a href=\"https:\/\/www.aecoute.net\/index.php\/presentations\/merci-qui\/sous-les-auspices-de-mercure\/\">Sous les auspices de Mercure<\/a><\/li><li><a href=\"https:\/\/www.aecoute.net\/index.php\/presentations\/merci-qui\/sous-les-auspices-de-mercure\/empedocle-2\/\">Emp\u00e9docle<\/a><\/li><li><a href=\"https:\/\/www.aecoute.net\/index.php\/presentations\/merci-qui\/carl-gustav-jung\/\">Carl Gustav Jung<\/a><\/li><li><a href=\"https:\/\/www.aecoute.net\/index.php\/presentations\/merci-qui\/desmond-morris\/\">Desmond Morris<\/a><\/li><li><a href=\"https:\/\/www.aecoute.net\/index.php\/presentations\/merci-qui\/thomas-gordon\/\">Thomas Gordon<\/a><\/li><li>Car Rogers<\/li><li><a href=\"https:\/\/www.aecoute.net\/index.php\/presentations\/merci-qui\/marshall-rosenberg\/\">Marshall Rosenberg<\/a><\/li><li><a href=\"https:\/\/www.aecoute.net\/index.php\/presentations\/merci-qui\/william-glasser\/\">William Glasser<\/a><\/li><li><a href=\"https:\/\/www.aecoute.net\/index.php\/presentations\/merci-qui\/claude-shannon\/\">Claude Shannon<\/a><\/li><li>Eric Berne<\/li><li><a href=\"https:\/\/www.aecoute.net\/index.php\/presentations\/merci-qui\/yuval-noah-harari\/\">Yuval Noah Harari<\/a><\/li><\/ul>\n\n\n\n<p><\/p>\n","protected":false},"excerpt":{"rendered":"<p>Quand nous \u00e9tions petits, on nous a appris \u00e0 dire merci \u00e0 ceux et celles qui nous donnaient quelque chose ou qui nous apportaient leur aide. Je ne d\u00e9rogerai pas \u00e0 la r\u00e8gle. Marc-Aur\u00e8le et certains auteurs ne manque pas d\u2019adresser des remerciements \u00e0 ceux qui leur ont apport\u00e9 quelque chose au niveau des id\u00e9es, [&hellip;]<\/p>\n","protected":false},"author":1,"featured_media":0,"parent":0,"menu_order":0,"comment_status":"closed","ping_status":"closed","template":"","meta":{"_monsterinsights_skip_tracking":false,"_monsterinsights_sitenote_active":false,"_monsterinsights_sitenote_note":"","_monsterinsights_sitenote_category":0,"footnotes":""},"class_list":["post-1007","page","type-page","status-publish","hentry"],"aioseo_notices":[],"_links":{"self":[{"href":"https:\/\/www.aecoute.net\/index.php\/wp-json\/wp\/v2\/pages\/1007","targetHints":{"allow":["GET"]}}],"collection":[{"href":"https:\/\/www.aecoute.net\/index.php\/wp-json\/wp\/v2\/pages"}],"about":[{"href":"https:\/\/www.aecoute.net\/index.php\/wp-json\/wp\/v2\/types\/page"}],"author":[{"embeddable":true,"href":"https:\/\/www.aecoute.net\/index.php\/wp-json\/wp\/v2\/users\/1"}],"replies":[{"embeddable":true,"href":"https:\/\/www.aecoute.net\/index.php\/wp-json\/wp\/v2\/comments?post=1007"}],"version-history":[{"count":3,"href":"https:\/\/www.aecoute.net\/index.php\/wp-json\/wp\/v2\/pages\/1007\/revisions"}],"predecessor-version":[{"id":1013,"href":"https:\/\/www.aecoute.net\/index.php\/wp-json\/wp\/v2\/pages\/1007\/revisions\/1013"}],"wp:attachment":[{"href":"https:\/\/www.aecoute.net\/index.php\/wp-json\/wp\/v2\/media?parent=1007"}],"curies":[{"name":"wp","href":"https:\/\/api.w.org\/{rel}","templated":true}]}}