{"id":13,"date":"2021-03-04T09:49:38","date_gmt":"2021-03-04T08:49:38","guid":{"rendered":"http:\/\/suyfchq.cluster030.hosting.ovh.net\/?page_id=13"},"modified":"2022-05-13T20:58:56","modified_gmt":"2022-05-13T18:58:56","slug":"a-propos-de","status":"publish","type":"page","link":"https:\/\/www.aecoute.net\/index.php\/presentations\/a-propos-de\/","title":{"rendered":"L&rsquo;auteur ?"},"content":{"rendered":"\t\t<div data-elementor-type=\"wp-page\" data-elementor-id=\"13\" class=\"elementor elementor-13\">\n\t\t\t\t\t\t<section class=\"elementor-section elementor-top-section elementor-element elementor-element-d5119e1 elementor-section-boxed elementor-section-height-default elementor-section-height-default\" data-id=\"d5119e1\" data-element_type=\"section\" data-e-type=\"section\">\n\t\t\t\t\t\t<div class=\"elementor-container elementor-column-gap-default\">\n\t\t\t\t\t<div class=\"elementor-column elementor-col-100 elementor-top-column elementor-element elementor-element-217c8c73\" data-id=\"217c8c73\" data-element_type=\"column\" data-e-type=\"column\">\n\t\t\t<div class=\"elementor-widget-wrap elementor-element-populated\">\n\t\t\t\t\t\t<div class=\"elementor-element elementor-element-2cac012b elementor-widget elementor-widget-text-editor\" data-id=\"2cac012b\" data-element_type=\"widget\" data-e-type=\"widget\" data-widget_type=\"text-editor.default\">\n\t\t\t\t<div class=\"elementor-widget-container\">\n\t\t\t\t\t\t\t\t\t<p><span style=\"color: var( --e-global-color-text ); font-family: var( --e-global-typography-text-font-family ), Sans-serif; font-weight: var( --e-global-typography-text-font-weight ); font-size: 2.1rem;\"><figure id=\"attachment_87\" aria-describedby=\"caption-attachment-87\" style=\"width: 300px\" class=\"wp-caption alignnone\"><img fetchpriority=\"high\" decoding=\"async\" src=\"https:\/\/www.aecoute.net\/wp-content\/uploads\/2021\/03\/12565471_10206001690543736_3138466974965160220_n-300x300.jpg\" alt=\"\" width=\"300\" height=\"300\"><figcaption id=\"caption-attachment-87\" class=\"wp-caption-text\">M\u00e9fies-toi !<br>J&rsquo;avance masqu\u00e9 &#8230; et arm\u00e9 &#8230;<\/figcaption><\/figure>\n<span style=\"color: var( --e-global-color-text ); font-family: var( --e-global-typography-text-font-family ), Sans-serif; font-size: inherit; font-weight: var( --e-global-typography-text-font-weight ); text-align: inherit;\">Form\u00e9 \u00e0 la psychologie et \u00e0 la p\u00e9dagogie, il m&rsquo;a pourtant fallu l&rsquo;approche de ma fin de carri\u00e8re, une retraite forc\u00e9e entre mes 4 murs, suite \u00e0 une op\u00e9ration du coeur, puis la crise de la COVID, pour avancer dans ma qu\u00eate de sens. J&rsquo;ai enfin compris et interconnect\u00e9 ce que j&rsquo;avais appris. Aujourd&rsquo;hui, je m&rsquo;efforce de vous mettre au courant des mes diff\u00e9rentes prises de t\u00eate avec mon cerveau.<\/span><\/figure>\n<h2>Pan&nbsp; !!!<\/h2>\n<p><span style=\"color: var( --e-global-color-text ); font-family: var( --e-global-typography-text-font-family ), Sans-serif; font-size: inherit; font-weight: var( --e-global-typography-text-font-weight ); text-align: inherit;\">En ce temps de COVID me voil\u00e0 gliss\u00e9 de mon fort int\u00e9rieur \u00e0 mon for int\u00e9rieur. Tout ce que j&rsquo;ai compris ou cru comprendre, je le dirai. Que cela plaise ou non. Je sors ma pens\u00e9e du trou o\u00f9 elle \u00e9tait confin\u00e9e m\u00eame au risque de me faire bouffer. J&rsquo;avancerai avec prudence mais je veux m&rsquo;exprimer. Je mettrai toute l&rsquo;\u00e9nergie qu&rsquo;il faut pour qu&rsquo;on me comprenne. Si cela ne passe pas c&rsquo;est normal, que chacun fasse son chemin mais laissez-moi vivre le mien. Voil\u00e0 la synth\u00e8se de ce qui pr\u00e9c\u00e8de et va suivre &#8230;<\/span><br><\/p>\n<p>Matthieu 13:9 <span style=\"font-size: inherit; text-align: inherit; color: var( --e-global-color-text ); font-family: var( --e-global-typography-text-font-family ), Sans-serif; font-weight: var( --e-global-typography-text-font-weight );\">Que celui qui a des oreilles pour entendre entende.<\/span><\/p>\t\t\t\t\t\t\t\t<\/div>\n\t\t\t\t<\/div>\n\t\t\t\t<div class=\"elementor-element elementor-element-b10e07d elementor-widget elementor-widget-image\" data-id=\"b10e07d\" data-element_type=\"widget\" data-e-type=\"widget\" data-widget_type=\"image.default\">\n\t\t\t\t<div class=\"elementor-widget-container\">\n\t\t\t\t\t\t\t\t\t\t\t\t\t\t\t<img decoding=\"async\" width=\"580\" height=\"416\" src=\"https:\/\/www.aecoute.net\/wp-content\/uploads\/2021\/03\/nosce_te_ipsum_accueil-1024x734.jpg\" class=\"attachment-large size-large wp-image-165\" alt=\"Nosce Te Ipsum\" srcset=\"https:\/\/www.aecoute.net\/wp-content\/uploads\/2021\/03\/nosce_te_ipsum_accueil-1024x734.jpg 1024w, https:\/\/www.aecoute.net\/wp-content\/uploads\/2021\/03\/nosce_te_ipsum_accueil-300x215.jpg 300w, https:\/\/www.aecoute.net\/wp-content\/uploads\/2021\/03\/nosce_te_ipsum_accueil-768x551.jpg 768w, https:\/\/www.aecoute.net\/wp-content\/uploads\/2021\/03\/nosce_te_ipsum_accueil-1536x1101.jpg 1536w, https:\/\/www.aecoute.net\/wp-content\/uploads\/2021\/03\/nosce_te_ipsum_accueil-1200x860.jpg 1200w, https:\/\/www.aecoute.net\/wp-content\/uploads\/2021\/03\/nosce_te_ipsum_accueil-1980x1419.jpg 1980w, https:\/\/www.aecoute.net\/wp-content\/uploads\/2021\/03\/nosce_te_ipsum_accueil.jpg 2048w\" sizes=\"(max-width: 580px) 100vw, 580px\" \/>\t\t\t\t\t\t\t\t\t\t\t\t\t\t\t<\/div>\n\t\t\t\t<\/div>\n\t\t\t\t\t<\/div>\n\t\t<\/div>\n\t\t\t\t\t<\/div>\n\t\t<\/section>\n\t\t\t\t<section class=\"elementor-section elementor-top-section elementor-element elementor-element-c3466c6 elementor-section-boxed elementor-section-height-default elementor-section-height-default\" data-id=\"c3466c6\" data-element_type=\"section\" data-e-type=\"section\">\n\t\t\t\t\t\t<div class=\"elementor-container elementor-column-gap-default\">\n\t\t\t\t\t<div class=\"elementor-column elementor-col-100 elementor-top-column elementor-element elementor-element-aa9433d\" data-id=\"aa9433d\" data-element_type=\"column\" data-e-type=\"column\">\n\t\t\t<div class=\"elementor-widget-wrap elementor-element-populated\">\n\t\t\t\t\t\t<div class=\"elementor-element elementor-element-85d385d elementor-widget elementor-widget-button\" data-id=\"85d385d\" data-element_type=\"widget\" data-e-type=\"widget\" data-widget_type=\"button.default\">\n\t\t\t\t<div class=\"elementor-widget-container\">\n\t\t\t\t\t\t\t\t\t<div class=\"elementor-button-wrapper\">\n\t\t\t\t\t<a class=\"elementor-button elementor-button-link elementor-size-sm\" href=\"https:\/\/psy.aecoute.net\/presentation_auteur.html\">\n\t\t\t\t\t\t<span class=\"elementor-button-content-wrapper\">\n\t\t\t\t\t\t\t\t\t<span class=\"elementor-button-text\">En savoir plus ...<\/span>\n\t\t\t\t\t<\/span>\n\t\t\t\t\t<\/a>\n\t\t\t\t<\/div>\n\t\t\t\t\t\t\t\t<\/div>\n\t\t\t\t<\/div>\n\t\t\t\t\t<\/div>\n\t\t<\/div>\n\t\t\t\t\t<\/div>\n\t\t<\/section>\n\t\t\t\t<\/div>\n\t\t","protected":false},"excerpt":{"rendered":"<p>Form\u00e9 \u00e0 la psychologie et \u00e0 la p\u00e9dagogie, il m&rsquo;a pourtant fallu l&rsquo;approche de ma fin de carri\u00e8re, une retraite forc\u00e9e entre mes 4 murs, suite \u00e0 une op\u00e9ration du coeur, puis la crise de la COVID, pour avancer dans ma qu\u00eate de sens. J&rsquo;ai enfin compris et interconnect\u00e9 ce que j&rsquo;avais appris. Aujourd&rsquo;hui, je [&hellip;]<\/p>\n","protected":false},"author":1,"featured_media":0,"parent":316,"menu_order":0,"comment_status":"closed","ping_status":"closed","template":"","meta":{"_monsterinsights_skip_tracking":false,"_monsterinsights_sitenote_active":false,"_monsterinsights_sitenote_note":"","_monsterinsights_sitenote_category":0,"footnotes":""},"class_list":["post-13","page","type-page","status-publish","hentry"],"aioseo_notices":[],"_links":{"self":[{"href":"https:\/\/www.aecoute.net\/index.php\/wp-json\/wp\/v2\/pages\/13","targetHints":{"allow":["GET"]}}],"collection":[{"href":"https:\/\/www.aecoute.net\/index.php\/wp-json\/wp\/v2\/pages"}],"about":[{"href":"https:\/\/www.aecoute.net\/index.php\/wp-json\/wp\/v2\/types\/page"}],"author":[{"embeddable":true,"href":"https:\/\/www.aecoute.net\/index.php\/wp-json\/wp\/v2\/users\/1"}],"replies":[{"embeddable":true,"href":"https:\/\/www.aecoute.net\/index.php\/wp-json\/wp\/v2\/comments?post=13"}],"version-history":[{"count":39,"href":"https:\/\/www.aecoute.net\/index.php\/wp-json\/wp\/v2\/pages\/13\/revisions"}],"predecessor-version":[{"id":997,"href":"https:\/\/www.aecoute.net\/index.php\/wp-json\/wp\/v2\/pages\/13\/revisions\/997"}],"up":[{"embeddable":true,"href":"https:\/\/www.aecoute.net\/index.php\/wp-json\/wp\/v2\/pages\/316"}],"wp:attachment":[{"href":"https:\/\/www.aecoute.net\/index.php\/wp-json\/wp\/v2\/media?parent=13"}],"curies":[{"name":"wp","href":"https:\/\/api.w.org\/{rel}","templated":true}]}}