{"id":316,"date":"2022-03-01T12:19:20","date_gmt":"2022-03-01T11:19:20","guid":{"rendered":"https:\/\/www.aecoute.net\/?page_id=316"},"modified":"2024-08-09T16:16:00","modified_gmt":"2024-08-09T14:16:00","slug":"presentations","status":"publish","type":"page","link":"https:\/\/www.aecoute.net\/","title":{"rendered":"L&rsquo;Oreille du Psy"},"content":{"rendered":"\n<p><strong>Une Odyss\u00e9e Cr\u00e9ative<\/strong><\/p>\n\n\n\n<figure class=\"wp-block-image size-full\"><img fetchpriority=\"high\" decoding=\"async\" width=\"1024\" height=\"1024\" src=\"https:\/\/www.aecoute.net\/wp-content\/uploads\/2024\/08\/345453331_928208905134107_8621317950332896383_n-1.jpg\" alt=\"\" class=\"wp-image-2008\" srcset=\"https:\/\/www.aecoute.net\/wp-content\/uploads\/2024\/08\/345453331_928208905134107_8621317950332896383_n-1.jpg 1024w, https:\/\/www.aecoute.net\/wp-content\/uploads\/2024\/08\/345453331_928208905134107_8621317950332896383_n-1-300x300.jpg 300w, https:\/\/www.aecoute.net\/wp-content\/uploads\/2024\/08\/345453331_928208905134107_8621317950332896383_n-1-150x150.jpg 150w, https:\/\/www.aecoute.net\/wp-content\/uploads\/2024\/08\/345453331_928208905134107_8621317950332896383_n-1-768x768.jpg 768w\" sizes=\"(max-width: 1024px) 100vw, 1024px\" \/><\/figure>\n\n\n\n<p>Prof de psy devenu artiste | Musique, textes &amp; r\u00e9flexions | L&rsquo;humain explor\u00e9 par l&rsquo;IA | \ud83c\udfb5\ud83e\udde0\ud83e\udd16<\/p>\n\n\n\n<p>Bienvenue dans l&rsquo;univers de L&rsquo;Oreille du Psy, o\u00f9 psychologie, art et technologie se rencontrent pour explorer les profondeurs de l&rsquo;esprit humain.<\/p>\n\n\n\n<p>Mon parcours, tel un palimpseste, s&rsquo;est construit par couches successives. Professeur de psychologie de formation, j&rsquo;ai d&rsquo;abord explor\u00e9 la musicoth\u00e9rapie, puis la gestion du stress, avant de plonger dans la complexit\u00e9 des interactions humaines. Aujourd&rsquo;hui, \u00e0 63 ans, je me r\u00e9invente en tant qu&rsquo;artiste, utilisant l&rsquo;intelligence artificielle comme catalyseur de ma cr\u00e9ativit\u00e9 longtemps r\u00e9prim\u00e9e.<\/p>\n\n\n\n<p>L&rsquo;Oreille du Psy est n\u00e9e de cette m\u00e9tamorphose. C&rsquo;est un projet multiforme o\u00f9 se m\u00ealent musique, \u00e9criture et r\u00e9flexions sur la psych\u00e9 humaine. \u00c0 travers divers m\u00e9dias &#8211; site web, blog, <a href=\"https:\/\/www.youtube.com\/@aecoute\" title=\"\">YouTube<\/a>, <a href=\"https:\/\/www.facebook.com\/aecoute2\/\" title=\"\">Facebook<\/a>, <a href=\"https:\/\/www.tiktok.com\/@aecoute2?is_from_webapp=1&amp;sender_device=pc\" title=\"\">TikTok<\/a> &#8211; j&rsquo;explore les m\u00e9andres de notre cerveau, fusionnant \u00ab\u00a0expertise\u00a0\u00bb psychologique (on n&rsquo;est jamais expert et pr\u00e9tendre l&rsquo;\u00eatre, c&rsquo;est en prouver tout le contraire) et expression artistique.<\/p>\n\n\n\n<div class=\"wp-block-buttons is-layout-flex wp-block-buttons-is-layout-flex\">\n<div class=\"wp-block-button\"><a class=\"wp-block-button__link wp-element-button\" href=\"https:\/\/psy.aecoute.net\/essais\">Sommaire artistique<\/a><\/div>\n<\/div>\n\n\n\n<p><strong>Recherches artistiques :<\/strong> aecoute.net (Vous y \u00eates)<\/p>\n\n\n\n<ol class=\"wp-block-list\">\n<li><a href=\"https:\/\/psy.aecoute.net\/essais\/index.html\" title=\"\">Les essais de Pascal<\/a><\/li>\n\n\n\n<li><a href=\"https:\/\/psy.aecoute.net\/essais\/discographie.html\" title=\"\">Discographie de L&rsquo;Oreille du Psy<\/a><\/li>\n<\/ol>\n\n\n\n<div class=\"wp-block-buttons is-layout-flex wp-block-buttons-is-layout-flex\">\n<div class=\"wp-block-button\"><a class=\"wp-block-button__link wp-element-button\">Sommaire acad\u00e9mique<\/a><\/div>\n<\/div>\n\n\n\n<p><strong>Recherches plus acad\u00e9miques  :<\/strong> <a href=\"https:\/\/psy.aecoute.net\" title=\"\">psy.aecoute.net<\/a><\/p>\n\n\n\n<ol class=\"wp-block-list\">\n<li>PsychIAnalyse : L&rsquo;IA au service de la compr\u00e9hension des conflits et de l&rsquo;\u00e9coute.<\/li>\n\n\n\n<li>M\u00e9canismes de la Relation Humaine : Concepts de psychologie relationnelle et communication.<\/li>\n\n\n\n<li>PsychAITunes : Playlists apaisantes, h\u00e9riti\u00e8res de mon travail en musicoth\u00e9rapie.<\/li>\n\n\n\n<li>MusicoPouvoir : Exploration du pouvoir du son sur notre psychologie.<\/li>\n<\/ol>\n\n\n\n<p>Cette page est une invitation \u00e0 un voyage introspectif, o\u00f9 l&rsquo;art devient le vecteur de la connaissance de soi. Comme l&rsquo;\u00e9crivait Jung, comprendre notre psych\u00e9 est plus crucial que jamais \u00e0 notre \u00e9poque. Joignez-vous \u00e0 moi dans cette exploration de l&rsquo;esprit humain, \u00e0 travers le prisme de l&rsquo;art et de la technologie.<\/p>\n\n\n\n<p>Bienvenue dans ce nouvel univers o\u00f9 psychologie, cr\u00e9ativit\u00e9 et innovation se rencontrent pour \u00e9clairer les recoins les plus obscurs de notre existence.<\/p>\n\n\n\n<p>P Rivi\u00e8re <\/p>\n","protected":false},"excerpt":{"rendered":"<p>Une Odyss\u00e9e Cr\u00e9ative Prof de psy devenu artiste | Musique, textes &amp; r\u00e9flexions | L&rsquo;humain explor\u00e9 par l&rsquo;IA | \ud83c\udfb5\ud83e\udde0\ud83e\udd16 Bienvenue dans l&rsquo;univers de L&rsquo;Oreille du Psy, o\u00f9 psychologie, art et technologie se rencontrent pour explorer les profondeurs de l&rsquo;esprit humain. Mon parcours, tel un palimpseste, s&rsquo;est construit par couches successives. Professeur de psychologie de [&hellip;]<\/p>\n","protected":false},"author":1,"featured_media":0,"parent":0,"menu_order":0,"comment_status":"closed","ping_status":"closed","template":"","meta":{"_monsterinsights_skip_tracking":false,"_monsterinsights_sitenote_active":false,"_monsterinsights_sitenote_note":"","_monsterinsights_sitenote_category":0,"footnotes":""},"class_list":["post-316","page","type-page","status-publish","hentry"],"aioseo_notices":[],"_links":{"self":[{"href":"https:\/\/www.aecoute.net\/index.php\/wp-json\/wp\/v2\/pages\/316","targetHints":{"allow":["GET"]}}],"collection":[{"href":"https:\/\/www.aecoute.net\/index.php\/wp-json\/wp\/v2\/pages"}],"about":[{"href":"https:\/\/www.aecoute.net\/index.php\/wp-json\/wp\/v2\/types\/page"}],"author":[{"embeddable":true,"href":"https:\/\/www.aecoute.net\/index.php\/wp-json\/wp\/v2\/users\/1"}],"replies":[{"embeddable":true,"href":"https:\/\/www.aecoute.net\/index.php\/wp-json\/wp\/v2\/comments?post=316"}],"version-history":[{"count":39,"href":"https:\/\/www.aecoute.net\/index.php\/wp-json\/wp\/v2\/pages\/316\/revisions"}],"predecessor-version":[{"id":2068,"href":"https:\/\/www.aecoute.net\/index.php\/wp-json\/wp\/v2\/pages\/316\/revisions\/2068"}],"wp:attachment":[{"href":"https:\/\/www.aecoute.net\/index.php\/wp-json\/wp\/v2\/media?parent=316"}],"curies":[{"name":"wp","href":"https:\/\/api.w.org\/{rel}","templated":true}]}}