{"id":543,"date":"2022-03-07T09:59:24","date_gmt":"2022-03-07T08:59:24","guid":{"rendered":"https:\/\/www.aecoute.net\/?page_id=543"},"modified":"2022-03-07T10:08:36","modified_gmt":"2022-03-07T09:08:36","slug":"thomas-gordon","status":"publish","type":"page","link":"https:\/\/www.aecoute.net\/index.php\/presentations\/thomas-gordon\/","title":{"rendered":"Thomas Gordon"},"content":{"rendered":"\n<figure class=\"wp-block-image size-large\"><img decoding=\"async\" src=\"data:image\/jpeg;base64,\/9j\/4AAQSkZJRgABAQAAAQABAAD\/2wCEAAoHCBUVFRgWFhYZGBgZHB4cGhocHBwaIR4dGiEaGhwhIR4cIS4lIR4rIRwaJzgmKy8xNTU1GiQ7QDs0Py40NTEBDAwMBgYGEAYGEDEdFh0xMTExMTExMTExMTExMTExMTExMTExMTExMTExMTExMTExMTExMTExMTExMTExMTExMf\/AABEIALgBEQMBIgACEQEDEQH\/xAAcAAACAwEBAQEAAAAAAAAAAAAFBgADBAcCAQj\/xAA8EAACAAQEAwYFAgUEAgMBAAABAgADBBEFEiExQVFhBiJxgZHwEzKhscFS0QcUQnLhI2KC8RWykqLCJP\/EABQBAQAAAAAAAAAAAAAAAAAAAAD\/xAAUEQEAAAAAAAAAAAAAAAAAAAAA\/9oADAMBAAIRAxEAPwDr8yoVWVSdWjNi2JJToXcjQaCBkrNOmZ+A0EJ3anEPiOZYJJDWN+AEAJr66bWTCzE5b91P3i9MCI1Ig32ewuwzERpxuqVFsN+UAqOAhtBBcfWUluWwhWxOuOf7RRThnN28oDdUTHqJhdhvsOQgxR0BUC8e8EogTciDdStrC0BRIlACNtHThmAO0STL00jRRULu9kNgNz1gDpyIngIHUUlpzf7Y1Ng7kgM116fmDFDTBFywH2npVQWhc7TVNu6N4YqysSWpLEeEJlTPM1y\/C+kBikSbC5jfTzBzjDXzlRczMFUcSbCFSr7YyEJCHOemggOr4dIVu8I2TalZYsTHJKLt9OOiEKByUH6mDtFjjzCPiXPO4A9OcA5YhXqRpCvWzGfY6Xi6pnBdCwsRca7+pjxLUrwuAbXgBsygbQxqkSCIP00lZhAEfa+iKLcDaAGJTsY3yp4TfeLsKcWIO8V4jIzNcDaAz1dVmBPGMdHUuG3iOjXI6wVocFbRz42gCNPVgAX34xpn1IZdLEQCrpVz4f8AUFcMpRlsdjAKdUoLsd4oq2UCGbEMJHeIEJNdTOG42gMSp3+kMdCgNgYwy6YFesWS5jKQBrygC7U9mU8mBPhDS85Zy5VNydxy5wrUkuYbF1IUw2YfKQICoGo1gMv\/AIheX1iQVzRIBSoccRJIuQLDXxhawyk\/maktbRmufCBk5CzAQ59lqBlBexA4HnAMVVTpLktYAZV0PWOc4kCQWJ1htr6p57\/DXRBuecKXbyS0mUANCxt5cYBNWXnYtvrBegpL25RmwakZrQ0S6bIvWAtpnVBYRoS7sOsasCwT4hzPtyi3F6USXQjnAbpODkpcQUwWiaWDmG+ojZRzlZAQRtFFXi8tAbtcjlAEYE4riay+6D3jyjBLr59QSEGRecaabA7HM7XPrACBRPPOZybQI7S49T0AKW+JNI0QbD+48PDeGbth2gl0MgnTOwIRevM9BH5yxfEGmOzsSzOSbnUknfzgPeP47OqXu7nog0VYGL3dOPXYeQ+8ebHRVF2O5\/AgphmGm9zvAasIpnBF9iLG3nbXnt6wzS3ngKFcLYb89wfUW9Ix08oACNkpDpAAcX\/m5TrNLF8u+ptbqOsNnZntYjAC9tO8p1KkceqkfmLJcrMLEAjrC9ivZ\/4bfGk6FdSBf7QHY8EYOwZCASL2v9uYhgrluscX7H4+rOqOSAdRbulSNyuuh5jhHVqKudlyvZja6sP6l522zdBACUcq5AEHaJMy67mLpFChu2942S5QXaAwSqBc+YjaCcZk3v1jTALeK3zmw4xrwlTzgm1OpNyLmPSygNhaArmSbgwl43Jy3sIdJ08INYC1ro4JgEdWe9gI14dLyzUL6i4vGgZfiZRxMEHpQCGgHEBWUWsRbSPFFIyKF6k+sBsJqgr5b6GGKAkSJEgObYVQB3Fxxh3rJ6yZVhbawEZZWEiSpYamEzFcaJmMhO2\/7QBKgxlEd2awudL8oAdp8R\/nJqqvyJxgNjDO7Apew3jXhrqFFhrAF6WWssACLZs2L8Pw5n1I0g9R4OGYDSw3gAdLj7yxZUY8oH4vWTZ5udOkP1VhUsLoNRC7MoM7lQLGAz4XIqXTKGNuYEHcM7Pgd5ySesGMOpwiKtthGom0B4lSlUWUWEVz6xE3MaLwnfxCqBKpJ0wHvWyL\/c\/d+14DkfbjtG1XUOwF0BKIDwVf31JPXSFOlo3nMcuvNtgOgj1Lp2mTAgJsdzzHvhDfR0glqFUaCAHUmEqg21gnIphwixmI1AHnHqVOJ\/q9NPtAaZci2ug8YsVxcDMCen+IzMel41UFITqYDbTC9tYIyqYEkb6XiqVSgHYfWNlIRe23jAc\/x\/DjTzfiJopa5tplP6h7+kdT7LVfxJS62I1H+07hhyB5ePKAWL4dnTWx6Ro7NgykGUXZf6T\/AFKf6fEcIDodG+lzpfcdeNukbLwtyJheW+Xh3l5+BG+32ML4x2bmADECAf1IzG3sx4rKpZa5mjPhFygbe8esQkKwu0BbRTy65jpfYRqgAmLBBlAvaPVNjOZ8p0gCFfJzCBLYUSCR6QeC3F4+TLhbDeAQ6mkyvmAi8VBYZbawbm0eZixgWKVg5IGnpADhSzFIa+m4MPWHMxlqW3tGLD5Acd5dBwglMcKNvACAuiRl+Of0mPsAv9qO0UuXKyowZ22Ajn1PSE3d9zqY9y6XnqesW1UzKhIgM06tQdwbx9wSlPxVzfKYwUlMXctxhgwpHR1zKbA3B8YBxqa9KZQSvdtuYEUfbSSzkA2ud7WjV2sWZMp7S7AgcoF9hKFASk5AX3ueJgGWpxNnQFducesGk5mJbx8YLTKBCtgoEZZtQKcXZDl\/UOEBuqAbd3hEpWJFzvGegxFZl7W6EHeNktbXgLI5\/wDxSp2\/l5YB7rTbv4BWI+v3joEJP8UV\/wD5Vbk\/3VoDjGFS7z2PkPAfj83hkmgbaQCwkf6x8PvrBLFGcjKmjc+QgNKSwY1y6ZdIX0w6pcW+Ll6KLn1jYgmSAM7Zuu0AYmSRnboT\/iPb1WQDKtzEoGV2Gb+qPOKP8Nwt7JYm\/K3MwGda+pdtEVFvuW1tzsBBegZkN21B8TCfW40ygtLRSoNrm5LaX4A2B2hxwWrLygXW6kfMAQR4hgD5C8AzJT5k6EXHnA5Jdja3Q+PAj0+kbcIqNAhN+UXYpR98ZeIBB6i+n1gMtBiRkz1D6o91Y2Ol7HWMlXSFZ5XLpfQ78Y0VEv5Q1r30PPQkfmM3ZzEneoemm2Y2LI1rHTWxt0EA74ZUpkVbgWG0fMSqky7wvz6Js9wSBGqjk57pvAZKIh3NhG6VJX4y211j1MlLJOg3EW4OpZyxW1oA\/HwiPsSA8fDHKKxTLyi+PhMB5loFFhH2w9ID1uIOGsFIEbMMmZlN94DdEiRIDk6a3Y8TGSplF2CjbjGqn7220FKOj48YD7gOFLmAP1h2OHJYCw0hVkK6HaGqhmMy6wGespWKNktx05xg7OIj3YrZlNrdRBSsqwisG4cYUMPxHJUErorWvAdAgfi9QEltcXuDpFzT8y3Tc7Qr49NnshR01\/Uv3gMXY+ps7A90XNhy4wyNj8oOVvqN4TKHDnyfEViGGhjfQ4TkId87BjdjpYQDtJqlYAjjAH+IFEZtG9hfIQ9ui3v9CYN0MmWFBTUGF\/8AiTUslBNZOag+BOt+m0BxeQpSYp4E29bW\/MHJzBczEaBfH6QOkpnUtpey2twK6+h1glVgfQH39YABW09TNs1yi\/ozZQBfS5XVjbfaMsilmZ7F2KDdbllv\/wAidINFWbh5t+BHhSASoUuRa4B584C+lm2YawxzpazAM2txrbWFqVSm9wCIbMOpmVAcwW\/EwC6aX4bWtcc7fiDFNVqF1bpYDX7RlxSYZc6xNww+YbA\/tFtMgY3gDuGtmZSLgE8dPCHj+TExBfQ206XhXwSmLd0jfY8jwhxoyctjuNDAJPaeaqTUQ3BUXFvL\/MYeztKGxTMPlEvOPBhb7wW\/iBTF\/hhVvMZgE2ubZsw8LW+kWdiKCzPMbUqiSr9RdmF+l1EAfxCQFW4B3izD6UL3uJjcwB0MRVA2gKZ1MrEE8IsSWBsIsiQEiRIkBIkSJAUzadW3EfZchV2EWxICRIkSA5lQUuUQ74TQqEDEAkjjrAGTTXIhpw9bIBAWNTIRbKI9y0CiwFhEaaBxjJMxWWvzNaAH9okJB1sCBbxEAcElq7kkbXB8oL1WLpMYquo2B3i\/AaDIWNtDr5mAFdoMSMkoE4kCGimVnRS4FyNrc4VK27VagS2cKf03GkMlbiqygpZGAOnK0AJxpDLluiDvHUcInZebU5ckxFKjjf8AeFDtjijzJq5HIU8B5R0PDKv\/AEkuNQADy9YDXS0ypfKLZjcjhfpFON0C1EibKf5XUjwO4PkQDC9j3an4M1UXYtY+HOGaRVqyZ76WgOByZLyJjyXtdQSp5gG0HHTMiOBugPmQP3MGO0dBLmElfnDEq19wbgqehECaTuyshvoSuuhFibDy28oDBk4wLUWLlGIL6X8NNI04rWFEJGrHuqOp0\/z5R4pZGVRmMB6ppkwCxYsRxNgT6QUqEWeihwO78ouTY8+V4HJVINm9BeNtNOA1Cs3lAajSZxY3PC56bRlDtJYBtR\/S34MGKSpspJRwF3JG1xcb9IDVWNyKgOiEtuD3SLHoefhAP3Z2vuRflDRh04Orcwf+o5r2Odii3O6g+fGHvBmyu3JvvpAe8WQtNTKuZlF9tRdgL\/SN+HUSyUCKLAXJ6k6mLVkrnz272XLfpcn7xfASJEiQEiRIkBIkSJASJEiQEiRIkBIkSJABUlqBFBxEqO6Yzyam6b+MLmKTGDmxsONoBjk1Rd73gf2kwxZwuTYjkbR8wstbaNVS7bAGACYbNMpMrKLod+JhskdoZAlq2YA2FxpeF6skHKSB3uPWA1HhquGDXBvteA6LhuMyJxIlsCRvtHrHUVpLK3GELC5IpGzOdCd4L4hj6TEIVha3CASe0CFbMDfLcQV7PdpndMj720POFjF6rJdSxsx1J\/eLqGqRMpXUCAJ1shpk0Em9jDia9Jcoa3A4Ql1GNy2HduH202hmwPC\/ipmc3vsLQBJ6imeXnZAG9LwKxjBCZH8xL1AHfXjlGubrbY9I+4pTvnWWEYgHcA206w0LUCQqKwurjW\/XeA5BiFJnXS2ZSGXxG\/0uIXcSpZzjuuCo3TUX8SNTD92kw4003u3Mt7tLPT9J6r+0LqDvMRzgM2HV7oioaa9gRcOONrfNrt1gr\/5qoJJSnRLrlJdyef8ASo684qZQNRHpHF9YC+VhsypUfzM1pm3+mt0TTQEgbxqqcGSXLyIoW2ugA1MaKGpFhc2gijZ9OcBR2VYWU7dPCHGkmZAG97aQs0FOJbNbjc+cHXfRQOV\/PYQFWPdoZ0itpadMpSapLgi50I4+cOQN9RHPcRkfGxKmcf0Snv43l2+oIjoEtbADkLemkBZEiRICRIkSAkSJEgJEiRICRIkSAkSJEgEpJTDTUXiifQG19I0PistvlI1GnGKamryjUG\/K0BbQzAuh0jW1ShPAHnAene\/eI3jbMpSVNhAfKypGw1MLs6rZHOhglLVlaxGnOM87JmN7E8oAZW4ms5GUHUaHoYAYRMCTCHYhb+Qg7UULZyVUd7Q+UQdknPeDanhrvAZ8SFNUWRe87acb+MeabBRJ0KkjW3Hbc2ipMIm0c0T2GZRv0hqoKxJ6O9ibjRbaeF4BFWlQzQAdGb8x1LsvVKjCUTrbSEqfgYAE1NSDqBw8IO9mpBeoR3upQW5X2\/b6wHQKqpSWMzsFHMwFrayTP7gca7Rk7dpKmyMjEEk6eI1H2hDSUUdCMwI0vrAdBqKGXOpzIc3se63FSNiPescyrsOanmsj78DwYcGHQw6vUfAlq7XN9TeJXYpRVUnLOBBByy2Ud\/M2gCc9bXG3OAQmUiInH003iicrqSpIbKSAedtIy\/HYHaAY6cjQe+UHMPnL+ITaWc7HkB70+kHKOceenKALJNzTDGyfXANcnQfiA\/8AMqiljvCtPq5lfULSySbHWY44KLBrddQPEiA6L2EvPd6kjut3Jf8AYhvm82I8iIfGYAXO0C8Do1kykloLKihRbkP31PmsZu1OIfCkuenrf39TygEqv7RvIrJrSnIltayX0D275sdLbHxJhuwvtbKcf6hCNpruDf7RxyZPLPc6kkk9b6k\/eJU1RuMrEW2PXTf3wgP0BTVsuYLo6t4H8Rqj86UuJzUIKuw8\/WG3DO29QlgzZgP1a6eesB16JCbh\/buS9hMUqTxGo9DDJR4pJm\/I6npex9DAbokSJASJEiQEiRIkBx2hpGRst+8pg9PxNAFDix5n94WanEGDFuMb6NxUpZrAeGt\/GAP0E+U5CqRvrDhSUyhRpeOXpQPJBdDcj94bsG7TqZYz6EcDAEMUw8Bg42OhEIs2mK1JFidNoYce7TqqB7EgbiMmC1aVJzqeFrwA+qmsjguRlOnrtFmIYuUQsja8LHjygb2kpWL5SxKnUeIjLOlgy0X+rMLnpAEMEq3rVZJunTxgnSyUp1ZANOEaaDDUlqrqANNbRXVTAbkLeAFTq4KSFOhj1XS5jqGRyhAsMtvrAGuR3cBVKgb8IJMkzMgUFjp3RxG8BbQYZUFkedMzZTexhqmqhlm6jQXubADrc6CAeM9raWmlgEB5v6Rsv9x\/AjlPaHtXUVLWZzkGyLovpz8YDoWMdsqdZYlWE5r7AjIAObcfL1gTgMxqmoM57BZa91QLKrNooA8Lnxjnsh7m\/nHTsBpPh0wX+txmP\/Pb0W3pAKFTiJSoYMe5Ma4\/2nT6WKjyjZMW5BGsDe29MEMtti2a3ho3\/wCgPKM2EYpsjb7QDI90AtGyjrQN4F\/zQItytAyprbPlBtoYDX2jxw2KqddduHSH3+HWAimpw76Tp1mY8UTXKPKzN4gQldiuz6zSKiebDMfhq3Gx1a3G3Dw8I7DQU7MwuLBdvAEADw0Uf8XgDsoZV10\/HTysB\/wjm38RsYzOJKnUDO3ncAeNgfrzhy7Q4ukhGZjooueZ5AdSbeZji1fVtNmNMf5nOY9NsoHgLC\/SAoV7C\/vzv5xneYSdOv7RZOfl0ioKBx97ftAXI1gPX\/PvlFiTTtGYMToPfONKqAPfWA3U84D9\/fnBahq2TZj6++ULKtrv792jXTTiDod4DpmE9o5q6E5gBex2PC3Me94cMKxVJ63XRh8yncfuOscnoakWAg\/htSysrp8y7D9Q3Knxt5QHSokZ6WoWYiuuzC498xGiAkSJEgPzmlJUTXYqCBf6Q5dnLIhR7BrWN49Yc622A+kVYuAdUGsAQo5ZYMQ1wDseIiiomSQNR3oHYJMnXK211il6QmYWe9+R\/aAJVro6WgT2erDTsyn5SdPAxbWySLZTpx4QLqZmQEnX\/uAN1tdnmBeG94zNWZWsRcX0gLTYkHcldxpBKmS4Jff7QDxh650u50t9I+YQ6OrhdwxAJhL\/APMOhCJex0MHqqtlUlOHOrv8q33PEnoIDXjAkyELu4F\/U24AcY59i3atmusq6IRa4Pebz4DoIxY9iDze+7E3OnIeHSFqpmaW4639dIDxU1JYm5+vhGVjrH0xAIAv2fpRMmojfKzC\/gO8foCPOCuN4jUs+YOy5WzIi6AWuRoPm0vvyIgRhzmWyMu62I4jn9fzDRWS0mp8RBoeHFTuFPg3HiDeAaqinkVKpmWXNVkuHsulxrlO63PUbRyHE6b4M+ZLBJyOyg8SFJAPpHQuwtS2WbKucqMGQ8g+pXxB+8JvbHD2k1UzNciYxmK3MOST5g3HlADzXOGuDuB9IceyvZf4irVVOqG5SXtnAB1bkp4c\/CFDBqIz58qUBfMwBG2l7t6C5judRLCpYCyqAqqOQH7A+kAm4oxdxewC6AAWCgEaAcNCTb\/brrDX2Bx5u\/IclsqZ0Y6kAWDKSd\/mNuVm5wo1aF3ZR4f\/ACDWP2j5VTjJlsFNpk9bG2mSXck+BYkgdAYC7tdjpqZhVT\/podLf1Ntm8BqB5nlC+729+\/CPBsPx4e\/88oqc6gcDvAfVN+9w9\/SM7zbmw1A9\/tEq5xAsL38o+4ZLuC7bX0EBulJlA5nfw9mKZ0y509+\/xH2fNI6neMy3a8BpQ8OWm3De\/rBeml2AjHR0u3XeDAl20gLKRdffjB+mnBRe+3GFx6tUsOW55QYwSWXYEjug6DrzMA\/9mp5UZG0zXcA8CTe3TTW0MkKNCbsLbw1odB4QHuJEiQHEh8YEllyi8bJNRrrryhgxeSX0y7bmFmtUS1J4j1gCMqcM4I0FxHntZNTOgRtba\/iBFLiQNuBj3XgNqR5wGZ6qx1N49z6VJiEb6Rk3NuH3gtLXIhPC0At0tGJe297QcL2SxBDHnpG3C8NzFXPB1P1gtiiKANs19PzAKkuncanQDcmF3tFiheYASbLoOg8ud4Y+09YUyICe9qfDYRz7GCVc+sAWxJgFUdAfXaAU9YL12pt0A4cAIHVC635\/9wGEGLJSax5I99I2SJfHzgLVFlFt4J0NaZffAJUgZ15jT6i2h8ecD2fS3v3pGmma6+ogHHBZQlq7pqrTM3iGVbf+1\/KL+02EiqkZVsXXvSzz5r5j8coGdj6m6TJDHVDmT+2w08rAekMNK+U5T4Dyso+t\/SAU\/wCFuFFpz1DCwlAqtx\/W2h9FuD\/fHQq6ZZSPfL8xKOmSUhyqFzsXew3Ztz52t6QIrqrNmOwAP2Iv\/wDZIAeHVEMx9LnNb\/k1gOtrQuz6guxdjdmOY\/4HICwAHAece8Qrc5Cj5FGg5nYk\/X3pGJjrrAeXceHAeUeHewvH1zx\/xA+pe+nvjAfEBd+dzBeblRQo2XT83inDZGUZyNdh+Yz1062mvv8A7gPGYu1hw\/MEJEvUDlvGSmXImbiYJ0Mk90cTYmAKSLImY7nYQPrsUy6DU8oH4li\/+s4HyoAijqN\/rF2C4cztncb6iAJ4PRs5DP429YdaCyrYQDlzAgCiCmHva14Bnwpu+PSHCSe6PCEjDH7w8Ydqf5RAWxIkSAALhwdNNN9THPO1CFZgSx29Y+xIABT0LO25W2o6xqmFlIRyCG2MSJAGaagQgG20e8TlhUAHE7RIkBtppDFe6NhvAma7iYQ1yRzj5EgEvtZVlphP6Tby2+4MA8TGYof1WB+xiRIAlPGpjHOl3iRIAdk199Y3S17p+0fYkBWx15RroT8w34+\/pEiQGqknMkxXXddCP1KbZvfQQ7SJ6TshB+Yjx13\/APcR9iQG\/GcQBORTa2rHbrbzAEJ+MYjm7iHuC1z+q1h6d0e7RIkAJJsPfv35R5Da8+EfYkBmq34RRIklmA5xIkAXnsFFtrQEXvv0v9IkSAIS1zuF4De3IQUM4S0eYeA08dgPW0SJAAsCw4zGzvqL31433MODTggAHKJEgPdAhc3MH6cWAj5EgCdG9mUjnD\/QPdBEiQGqJEiQH\/\/Z\" alt=\"\"\/><figcaption>Thomas Gordon<\/figcaption><\/figure>\n\n\n\n<p>Sans cet homme, rien n&rsquo;aurait commenc\u00e9. C&rsquo;est gr\u00e2ce \u00e0 sa lecture au d\u00e9but de ma carr\u00e8re et gr\u00e2ce \u00e0 des notes qu&rsquo;une amie m&rsquo;avait pass\u00e9e pour commencer mes cours que suis revenu aux fondamentaux des enseignements que j&rsquo;avais re\u00e7u \u00e0 la facult\u00e9.<\/p>\n\n\n\n<p>Sans Thomas Gordon, je ne n&rsquo;aurais pas \u00e9t\u00e9 attentif \u00e0 la question de l&rsquo;\u00e9coute qui est l&rsquo;un des plus grans outils de lib\u00e9ration, de communication et de relation mis \u00e0 la disposition du genre humain par les lois de la Nature. Merci \u00e0 l\u2019\u00e9coute active d\u00e9crite par Thomas GORDON sans laquelle les entretiens d&rsquo;aide et l&rsquo;accompagnement des personnes en difficult\u00e9s serait un long dialogue de sourds.<\/p>\n\n\n\n<p><br>Livres de r\u00e9f\u00e9rence : Parents efficaces et enseignants efficaces.<br>Citation : \u201cLorsque tu \u00e9prouveras des probl\u00e8mes \u00e0 satisfaire tes besoins, j\u2019essaierai de t\u2019\u00e9couter, de t\u2019accepter v\u00e9ritablement, de fa\u00e7on \u00e0 te faciliter la d\u00e9couverte de tes propres solutions plut\u00f4t que de te donner les miennes. Je respecterai aussi ton droit de choisir tes propres croyances et de d\u00e9velopper tes propres valeurs, si diff\u00e9rentes soient-elles des miennes.\u201d<\/p>\n\n\n\n<p>Selon wikip\u00e9dia, Thomas Gordon est n\u00e9 le 11 mars 1918 et mort le 26 ao\u00fbt 2002. C&rsquo;est un psychologue et docteur en psychologie am\u00e9ricain. Pionnier dans la conceptualisation de la r\u00e9solution des diff\u00e9rends par l&rsquo;instauration d&rsquo;une relation gagnant-gagnant ou sans perdant, il propose notamment une nouvelle approche de la communication orale.<\/p>\n\n\n\n<p>Pour aller plus loin, consulter le site de r\u00e9f\u00e9rence : <a href=\"https:\/\/www.lesateliersgordon.org\/thomas-gordon\" target=\"_blank\" rel=\"noreferrer noopener\">Les ateliers Gordon<\/a>.<\/p>\n","protected":false},"excerpt":{"rendered":"<p>Sans cet homme, rien n&rsquo;aurait commenc\u00e9. C&rsquo;est gr\u00e2ce \u00e0 sa lecture au d\u00e9but de ma carr\u00e8re et gr\u00e2ce \u00e0 des notes qu&rsquo;une amie m&rsquo;avait pass\u00e9e pour commencer mes cours que suis revenu aux fondamentaux des enseignements que j&rsquo;avais re\u00e7u \u00e0 la facult\u00e9. Sans Thomas Gordon, je ne n&rsquo;aurais pas \u00e9t\u00e9 attentif \u00e0 la question de [&hellip;]<\/p>\n","protected":false},"author":1,"featured_media":0,"parent":316,"menu_order":0,"comment_status":"closed","ping_status":"closed","template":"","meta":{"_monsterinsights_skip_tracking":false,"_monsterinsights_sitenote_active":false,"_monsterinsights_sitenote_note":"","_monsterinsights_sitenote_category":0,"footnotes":""},"class_list":["post-543","page","type-page","status-publish","hentry"],"aioseo_notices":[],"_links":{"self":[{"href":"https:\/\/www.aecoute.net\/index.php\/wp-json\/wp\/v2\/pages\/543","targetHints":{"allow":["GET"]}}],"collection":[{"href":"https:\/\/www.aecoute.net\/index.php\/wp-json\/wp\/v2\/pages"}],"about":[{"href":"https:\/\/www.aecoute.net\/index.php\/wp-json\/wp\/v2\/types\/page"}],"author":[{"embeddable":true,"href":"https:\/\/www.aecoute.net\/index.php\/wp-json\/wp\/v2\/users\/1"}],"replies":[{"embeddable":true,"href":"https:\/\/www.aecoute.net\/index.php\/wp-json\/wp\/v2\/comments?post=543"}],"version-history":[{"count":3,"href":"https:\/\/www.aecoute.net\/index.php\/wp-json\/wp\/v2\/pages\/543\/revisions"}],"predecessor-version":[{"id":550,"href":"https:\/\/www.aecoute.net\/index.php\/wp-json\/wp\/v2\/pages\/543\/revisions\/550"}],"up":[{"embeddable":true,"href":"https:\/\/www.aecoute.net\/index.php\/wp-json\/wp\/v2\/pages\/316"}],"wp:attachment":[{"href":"https:\/\/www.aecoute.net\/index.php\/wp-json\/wp\/v2\/media?parent=543"}],"curies":[{"name":"wp","href":"https:\/\/api.w.org\/{rel}","templated":true}]}}