{"id":551,"date":"2022-03-07T10:20:21","date_gmt":"2022-03-07T09:20:21","guid":{"rendered":"https:\/\/www.aecoute.net\/?page_id=551"},"modified":"2022-03-07T10:25:28","modified_gmt":"2022-03-07T09:25:28","slug":"marshall-rosenberg","status":"publish","type":"page","link":"https:\/\/www.aecoute.net\/index.php\/presentations\/marshall-rosenberg\/","title":{"rendered":"Marshall Rosenberg"},"content":{"rendered":"\n<figure class=\"wp-block-image size-large\"><img decoding=\"async\" src=\"http:\/\/www.cnvsuisse.ch\/wp-content\/uploads\/2016\/06\/Marshall.png\" alt=\"\"\/><figcaption>Marshall Rosenberg<\/figcaption><\/figure>\n\n\n\n<p>Selon wikip\u00e9dia, <\/p>\n\n\n\n<p>Marshall Rosenberg1 est un psychologue am\u00e9ricain n\u00e9 le 6 octobre 1934 et mort le 7 f\u00e9vrier 20152.<\/p>\n\n\n\n<p>Il est le cr\u00e9ateur d&rsquo;un processus de communication appel\u00e9 \u00ab Communication Non Violente \u00bb (CNV) et le directeur p\u00e9dagogique du \u00ab Centre pour la Communication Nonviolente \u00bb (Center for Nonviolent Communication) 3,  une organisation internationale \u00e0 but non lucratif.<\/p>\n\n\n\n<p>La communication non violente de Marshall ROSENBERG est venue un jour compl\u00e9ter utilement les enseignements que j&rsquo;avais re\u00e7u de Thomas Gordon, surtout pour l\u2019importance des besoins et la n\u00e9cessit\u00e9 de remonter jusqu\u2019\u00e0 eux pour r\u00e9soudre un conflit.<\/p>\n\n\n\n<p>Un jour tr\u00e8s candidement, j&rsquo;ai \u00ab\u00a0r\u00e9invent\u00e9 la roue\u00a0\u00bb. J&rsquo;avais trouv\u00e9 tout seul que les besoins se cachaient derri\u00e8res les \u00e9motions. Avant que l&rsquo;orgueil ne m&#8217;emporte, une coll\u00e8gue (Daphn\u00e9 DESMET) est venue me rappeler \u00e0 la r\u00e9alit\u00e9 quand elle m&rsquo;annon\u00e7a que Marshall ROSEBERG avait d\u00e9j\u00e0 point\u00e9 cette r\u00e9alit\u00e9.<\/p>\n\n\n\n<p>Je me suis donc plong\u00e9 dans ses \u00e9crits pour gagner un peu de temps et affiner certaines de mes red\u00e9couvertes.<\/p>\n\n\n\n<p><br>Livre de r\u00e9f\u00e9rence : Les mots sont des fen\u00eatres<br>Citation : \u201cLa violence, quelle que soit sa forme, est une expression logique de nos besoins insatisfaits.\u201d<\/p>\n\n\n\n<p>Allez plus loin :<\/p>\n\n\n\n<ul class=\"wp-block-list\"><li><a rel=\"noreferrer noopener\" href=\"https:\/\/fr.wikipedia.org\/wiki\/Marshall_Rosenberg\" target=\"_blank\">Pr\u00e9sentation sur wikip\u00e9dia<\/a><\/li><li><a rel=\"noreferrer noopener\" href=\"https:\/\/cnvbelgique.be\/marshall\/\" target=\"_blank\">Site CNV Belgique<\/a><\/li><li><a href=\"https:\/\/www.cnvformations.fr\/accueil\/quest-ce-que-la-cnv\/marshall-b-rosenberg\/\" target=\"_blank\" rel=\"noreferrer noopener\">Site CNV Formations<\/a><\/li><\/ul>\n","protected":false},"excerpt":{"rendered":"<p>Selon wikip\u00e9dia, Marshall Rosenberg1 est un psychologue am\u00e9ricain n\u00e9 le 6 octobre 1934 et mort le 7 f\u00e9vrier 20152. Il est le cr\u00e9ateur d&rsquo;un processus de communication appel\u00e9 \u00ab Communication Non Violente \u00bb (CNV) et le directeur p\u00e9dagogique du \u00ab Centre pour la Communication Nonviolente \u00bb (Center for Nonviolent Communication) 3, une organisation internationale \u00e0 [&hellip;]<\/p>\n","protected":false},"author":1,"featured_media":0,"parent":316,"menu_order":0,"comment_status":"closed","ping_status":"closed","template":"","meta":{"_monsterinsights_skip_tracking":false,"_monsterinsights_sitenote_active":false,"_monsterinsights_sitenote_note":"","_monsterinsights_sitenote_category":0,"footnotes":""},"class_list":["post-551","page","type-page","status-publish","hentry"],"aioseo_notices":[],"_links":{"self":[{"href":"https:\/\/www.aecoute.net\/index.php\/wp-json\/wp\/v2\/pages\/551","targetHints":{"allow":["GET"]}}],"collection":[{"href":"https:\/\/www.aecoute.net\/index.php\/wp-json\/wp\/v2\/pages"}],"about":[{"href":"https:\/\/www.aecoute.net\/index.php\/wp-json\/wp\/v2\/types\/page"}],"author":[{"embeddable":true,"href":"https:\/\/www.aecoute.net\/index.php\/wp-json\/wp\/v2\/users\/1"}],"replies":[{"embeddable":true,"href":"https:\/\/www.aecoute.net\/index.php\/wp-json\/wp\/v2\/comments?post=551"}],"version-history":[{"count":3,"href":"https:\/\/www.aecoute.net\/index.php\/wp-json\/wp\/v2\/pages\/551\/revisions"}],"predecessor-version":[{"id":556,"href":"https:\/\/www.aecoute.net\/index.php\/wp-json\/wp\/v2\/pages\/551\/revisions\/556"}],"up":[{"embeddable":true,"href":"https:\/\/www.aecoute.net\/index.php\/wp-json\/wp\/v2\/pages\/316"}],"wp:attachment":[{"href":"https:\/\/www.aecoute.net\/index.php\/wp-json\/wp\/v2\/media?parent=551"}],"curies":[{"name":"wp","href":"https:\/\/api.w.org\/{rel}","templated":true}]}}