{"id":559,"date":"2022-03-07T10:41:47","date_gmt":"2022-03-07T09:41:47","guid":{"rendered":"https:\/\/www.aecoute.net\/?page_id=559"},"modified":"2022-03-07T10:41:48","modified_gmt":"2022-03-07T09:41:48","slug":"carl-gustav-jung","status":"publish","type":"page","link":"https:\/\/www.aecoute.net\/index.php\/presentations\/carl-gustav-jung\/","title":{"rendered":"Carl Gustav Jung"},"content":{"rendered":"\n<figure class=\"wp-block-image size-large is-resized\"><img fetchpriority=\"high\" decoding=\"async\" src=\"https:\/\/cdn.radiofrance.fr\/s3\/cruiser-production\/2019\/09\/748e4f07-b992-46df-9782-b54c067f09c8\/838_gettyimages-3226504.jpg\" alt=\"\" width=\"285\" height=\"422\"\/><figcaption>Carl Gustav Jung<\/figcaption><\/figure>\n\n\n\n<p>Carl Gustav Jung est un m\u00e9decin psychiatre suisse n\u00e9 le 26 juillet 1875 \u00e0 Kesswil et mort le 6 juin 1961 \u00e0 K\u00fcsnacht, en Suisse.<br>A\u00efe, voil\u00e0 sans doute ma r\u00e9f\u00e9rence qui risque d\u2019\u00eatre la moins appr\u00e9ci\u00e9e. Comme \u00e9crit dans wikip\u00e9dia : \u201cCarl Gustav Jung a \u00e9t\u00e9 un pionnier de la psychologie des profondeurs : il a soulign\u00e9 le lien existant entre la structure de la psych\u00e9 (c&rsquo;est-\u00e0-dire l&rsquo;\u00ab \u00e2me \u00bb, dans le vocabulaire jungien) et ses productions et manifestations culturelles. Il a introduit dans sa m\u00e9thode des notions de sciences humaines puis\u00e9es dans des champs de connaissance aussi divers que l&rsquo;anthropologie, l&rsquo;alchimie, l&rsquo;\u00e9tude des r\u00eaves, la mythologie et la religion, ce qui lui a permis d&rsquo;appr\u00e9hender la \u00ab r\u00e9alit\u00e9 de l&rsquo;\u00e2me \u00bb. Si Jung n&rsquo;a pas \u00e9t\u00e9 le premier \u00e0 \u00e9tudier les r\u00eaves, ses contributions dans ce domaine ont \u00e9t\u00e9 d\u00e9terminantes.<br>On lui doit \u00e9galement, entre autres, les concepts d&rsquo;inconscient collectif , d\u2019arch\u00e9types, d&rsquo;individuation, de types psychologiques, de complexe, d&rsquo;imagination active, de d\u00e9terminisme psychique et de synchronicit\u00e9.\u201d <\/p>\n\n\n\n<p>C&rsquo;est Jean DIERKENS professeur de psychologie \u00e0 la facult\u00e9 o\u00f9 j&rsquo;ai accompli ma formation que je dois d&rsquo;avoir d\u00e9couvert puis appr\u00e9ci\u00e9 cet auteur. Je l&rsquo;ai lu avant Freud, c&rsquo;est dire &#8230; . Quand on se penche sur ce que Jung a d\u00e9velopp\u00e9, cela semble tr\u00e8s \u00e9sot\u00e9rique, voir tr\u00e8s fumeux. Raison pour laquelle j&rsquo;entretiens avec lui des rapports de sympathie et de m\u00e9fiance. Pourtant, je dois bien admettre que certaines notions tr\u00e8s rationnelles peuvent tr\u00e8s bien s&rsquo;accorder avec sa pens\u00e9e. M\u00eame chez Yuval Noah HARARI, j&rsquo;ai trouv\u00e9 des donn\u00e9es qui se recoupaient.  <\/p>\n\n\n\n<p>Plus loin, vous verrez que j\u2019ai tent\u00e9 de rendre plus rationnelles et moins \u00e9sot\u00e9riques certaines notions mais y serais-je parvenu ? La mission est d\u00e9licate. On se grille souvent en voulant porter la lumi\u00e8re.<\/p>\n\n\n\n<p>Pour aller plus loin &#8230;<\/p>\n\n\n\n<ul class=\"wp-block-list\"><li><a rel=\"noreferrer noopener\" href=\"https:\/\/fr.wikipedia.org\/wiki\/Carl_Gustav_Jung\" target=\"_blank\">Sur wikip\u00e9dia<\/a><\/li><li><a href=\"https:\/\/www.cgjung.net\/oeuvre\/\" target=\"_blank\" rel=\"noreferrer noopener\">Bibliographie<\/a><\/li><\/ul>\n","protected":false},"excerpt":{"rendered":"<p>Carl Gustav Jung est un m\u00e9decin psychiatre suisse n\u00e9 le 26 juillet 1875 \u00e0 Kesswil et mort le 6 juin 1961 \u00e0 K\u00fcsnacht, en Suisse.A\u00efe, voil\u00e0 sans doute ma r\u00e9f\u00e9rence qui risque d\u2019\u00eatre la moins appr\u00e9ci\u00e9e. Comme \u00e9crit dans wikip\u00e9dia : \u201cCarl Gustav Jung a \u00e9t\u00e9 un pionnier de la psychologie des profondeurs : il [&hellip;]<\/p>\n","protected":false},"author":1,"featured_media":0,"parent":316,"menu_order":0,"comment_status":"closed","ping_status":"closed","template":"","meta":{"_monsterinsights_skip_tracking":false,"_monsterinsights_sitenote_active":false,"_monsterinsights_sitenote_note":"","_monsterinsights_sitenote_category":0,"footnotes":""},"class_list":["post-559","page","type-page","status-publish","hentry"],"aioseo_notices":[],"_links":{"self":[{"href":"https:\/\/www.aecoute.net\/index.php\/wp-json\/wp\/v2\/pages\/559","targetHints":{"allow":["GET"]}}],"collection":[{"href":"https:\/\/www.aecoute.net\/index.php\/wp-json\/wp\/v2\/pages"}],"about":[{"href":"https:\/\/www.aecoute.net\/index.php\/wp-json\/wp\/v2\/types\/page"}],"author":[{"embeddable":true,"href":"https:\/\/www.aecoute.net\/index.php\/wp-json\/wp\/v2\/users\/1"}],"replies":[{"embeddable":true,"href":"https:\/\/www.aecoute.net\/index.php\/wp-json\/wp\/v2\/comments?post=559"}],"version-history":[{"count":1,"href":"https:\/\/www.aecoute.net\/index.php\/wp-json\/wp\/v2\/pages\/559\/revisions"}],"predecessor-version":[{"id":560,"href":"https:\/\/www.aecoute.net\/index.php\/wp-json\/wp\/v2\/pages\/559\/revisions\/560"}],"up":[{"embeddable":true,"href":"https:\/\/www.aecoute.net\/index.php\/wp-json\/wp\/v2\/pages\/316"}],"wp:attachment":[{"href":"https:\/\/www.aecoute.net\/index.php\/wp-json\/wp\/v2\/media?parent=559"}],"curies":[{"name":"wp","href":"https:\/\/api.w.org\/{rel}","templated":true}]}}