{"id":563,"date":"2022-03-07T10:57:06","date_gmt":"2022-03-07T09:57:06","guid":{"rendered":"https:\/\/www.aecoute.net\/?page_id=563"},"modified":"2022-03-07T11:09:28","modified_gmt":"2022-03-07T10:09:28","slug":"william-glasser","status":"publish","type":"page","link":"https:\/\/www.aecoute.net\/index.php\/presentations\/william-glasser\/","title":{"rendered":"William Glasser"},"content":{"rendered":"\n<figure class=\"wp-block-image size-large\"><img decoding=\"async\" src=\"https:\/\/ct.counseling.org\/wp-content\/uploads\/2013\/08\/William_Glasser_Photo-196x300.jpg\" alt=\"\"\/><figcaption>William Glasser<\/figcaption><\/figure>\n\n\n\n<p>Selon wikip\u00e9dia, William Glasser, M.D. est un psychiatre am\u00e9ricain n\u00e9 \u00e0 Cleveland le 11 mai 1925, et mort le 23 ao\u00fbt 2013 \u00e0 Los Angeles. Il est \u00e0 l\u2019origine de la th\u00e9rapie de la r\u00e9alit\u00e9 et de la th\u00e9orie du choix. Sa notori\u00e9t\u00e9 vient du fait qu&rsquo;il a su d\u00e9velopper une th\u00e9orie de cause \u00e0 effet pour expliquer le comportement humain.<\/p>\n\n\n\n<p>Merci \u00e0 ma fille Tiph\u00e8ne et sa prof de p\u00e9dagogie lorsqu&rsquo;elle a accompli sa formation qui devait lui permettre de passer de sa formation d&rsquo;architecte d&rsquo;int\u00e9rieur \u00e0 celle d&rsquo;enseignante en art plastique. A l&rsquo;occasion de ce parcours, elles m&rsquo;ont fait d\u00e9couvrir William Glasser.<\/p>\n\n\n\n<p>C&rsquo;est surtout la th\u00e9orie du choix de William GLASSER qui m&rsquo;a aid\u00e9e \u00e0 comprendre comment nous adoptons des comportements adaptatifs adapt\u00e9s ou inadapt\u00e9s pour remplir nos besoins et d\u00e9couvrir comment adopter de meilleurs choix. Les ponts entre la r\u00e9solution de probl\u00e8me, les choix, la coop\u00e9ration, la relation, la bienveillance et la n\u00e9cessit\u00e9 de laisser une libert\u00e9 ont \u00e9t\u00e9 gr\u00e2ce \u00e0 lui b\u00e2tis dans ma pens\u00e9e.<\/p>\n\n\n\n<p>Je lui dois aussi son mod\u00e8le des besoins fondamentaux qui est venu compl\u00e9ter celui de Marshall Rosenberg.<\/p>\n\n\n\n<p>Merci au passage \u00e0 Jacques No\u00ebl et surtout son document en pdf qui pr\u00e9sente clairement cette th\u00e9orie du choix sur le site <a rel=\"noreferrer noopener\" href=\"https:\/\/cyberauteur.com\/\" target=\"_blank\">cyberauteur.com<\/a> . Sa pr\u00e9sentation graphique des besoins de William Glasser sous forme circulaire m&rsquo;a \u00e9norm\u00e9ment aid\u00e9 \u00e0 comprendre.<\/p>\n\n\n\n<p><br>Livre de r\u00e9f\u00e9rence : La th\u00e9orie du choix<br>Citation : La th\u00e9rapie nous enseigne que nous ne sommes victimes ni de notre pass\u00e9 ni de notre pr\u00e9sent mais seulement de ce que nous choisissons de faire.<\/p>\n\n\n\n<p>Pour aller plus loin &#8230;<\/p>\n\n\n\n<ul class=\"wp-block-list\"><li><a rel=\"noreferrer noopener\" href=\"https:\/\/fr.wikipedia.org\/wiki\/William_Glasser\" target=\"_blank\">Pr\u00e9sentation sur wikip\u00e9dia<\/a><\/li><li><a href=\"https:\/\/www.altia.be\/altia\/14-boite-a-outils\/74-la-theorie-du-choix\" target=\"_blank\" rel=\"noreferrer noopener\">Une pr\u00e9sentation de la th\u00e9orie du choix sur le site Altia<\/a><\/li><\/ul>\n","protected":false},"excerpt":{"rendered":"<p>Selon wikip\u00e9dia, William Glasser, M.D. est un psychiatre am\u00e9ricain n\u00e9 \u00e0 Cleveland le 11 mai 1925, et mort le 23 ao\u00fbt 2013 \u00e0 Los Angeles. Il est \u00e0 l\u2019origine de la th\u00e9rapie de la r\u00e9alit\u00e9 et de la th\u00e9orie du choix. Sa notori\u00e9t\u00e9 vient du fait qu&rsquo;il a su d\u00e9velopper une th\u00e9orie de cause \u00e0 [&hellip;]<\/p>\n","protected":false},"author":1,"featured_media":0,"parent":316,"menu_order":0,"comment_status":"closed","ping_status":"closed","template":"","meta":{"_monsterinsights_skip_tracking":false,"_monsterinsights_sitenote_active":false,"_monsterinsights_sitenote_note":"","_monsterinsights_sitenote_category":0,"footnotes":""},"class_list":["post-563","page","type-page","status-publish","hentry"],"aioseo_notices":[],"_links":{"self":[{"href":"https:\/\/www.aecoute.net\/index.php\/wp-json\/wp\/v2\/pages\/563","targetHints":{"allow":["GET"]}}],"collection":[{"href":"https:\/\/www.aecoute.net\/index.php\/wp-json\/wp\/v2\/pages"}],"about":[{"href":"https:\/\/www.aecoute.net\/index.php\/wp-json\/wp\/v2\/types\/page"}],"author":[{"embeddable":true,"href":"https:\/\/www.aecoute.net\/index.php\/wp-json\/wp\/v2\/users\/1"}],"replies":[{"embeddable":true,"href":"https:\/\/www.aecoute.net\/index.php\/wp-json\/wp\/v2\/comments?post=563"}],"version-history":[{"count":5,"href":"https:\/\/www.aecoute.net\/index.php\/wp-json\/wp\/v2\/pages\/563\/revisions"}],"predecessor-version":[{"id":572,"href":"https:\/\/www.aecoute.net\/index.php\/wp-json\/wp\/v2\/pages\/563\/revisions\/572"}],"up":[{"embeddable":true,"href":"https:\/\/www.aecoute.net\/index.php\/wp-json\/wp\/v2\/pages\/316"}],"wp:attachment":[{"href":"https:\/\/www.aecoute.net\/index.php\/wp-json\/wp\/v2\/media?parent=563"}],"curies":[{"name":"wp","href":"https:\/\/api.w.org\/{rel}","templated":true}]}}