{"id":575,"date":"2022-03-07T11:54:41","date_gmt":"2022-03-07T10:54:41","guid":{"rendered":"https:\/\/www.aecoute.net\/?page_id=575"},"modified":"2022-03-07T12:12:55","modified_gmt":"2022-03-07T11:12:55","slug":"claude-shannon","status":"publish","type":"page","link":"https:\/\/www.aecoute.net\/index.php\/presentations\/claude-shannon\/","title":{"rendered":"Claude Shannon"},"content":{"rendered":"\n<p>Selon wikip\u00e9dia, Claude Elwood Shannon (30 avril 1916 \u00e0 Petoskey, Michigan &#8211; 24 f\u00e9vrier 2001 \u00e0 Medford, Massachusetts) est un ing\u00e9nieur en g\u00e9nie \u00e9lectrique et math\u00e9maticien am\u00e9ricain. Il est l&rsquo;un des p\u00e8res, si ce n&rsquo;est le p\u00e8re fondateur, de la th\u00e9orie de l&rsquo;information.<\/p>\n\n\n\n<p>Merci \u00e0 la cha\u00eene documentaire Histoire qui m&rsquo;a vraiment fait d\u00e9couvrir ce chercheur dans son documentaire : \u00ab\u00a0Claude Shannon, le g\u00e9nie oubli\u00e9\u00a0\u00bb qui est la version fran\u00e7aise de \u00ab\u00a0The Bit Player\u00a0\u00bb.<\/p>\n\n\n\n<p>Sans Claude Shannon pas d&rsquo;informatique et pas de th\u00e9orie de la communication. Or la relation et les relations d\u00e9pendent intimement de la communication. Et sans une bonne communication, attention \u00e0 l&rsquo;\u00e9volution de la relation !<\/p>\n\n\n\n<p>Il me connecte aussi aux th\u00e9rories de l&rsquo;autorganisation de la vie donc \u00e0 la syst\u00e9mique, aux id\u00e9es de Watzlawick et \u00e0 l&rsquo;\u00e9cole de Palo Alto, \u00e0 la th\u00e9orie des jeux (Shannon \u00e9tait un grand joueur dans les deux sens du terme) aux th\u00e9ories de l&rsquo;autorganisation d\u00e9velopp\u00e9es par Alan Turing (qui \u00e9trangement avait lui aussi travaill\u00e9 dans le cryptage et d\u00e9cryptage des messages). A l&rsquo;heure o\u00f9 je r\u00e9dige ces lignes toutes les liaisons n&rsquo;ont pas encore m\u00fbri mais je sens bien que d&rsquo;autres r\u00e9alit\u00e9s ne manqueront pas de m&rsquo;appara\u00eetre.<\/p>\n\n\n\n<p>Ce film m&rsquo;a marqu\u00e9, me marque et me marquera encore tant dans ce qu&rsquo;il dit mais aussi dans ce qu&rsquo;il montre clairement ou de fa\u00e7on implicite. Quelqu&rsquo;un a-t-il remarqu\u00e9 que Shannon apparaissait comme Tintin ?<\/p>\n\n\n\n<figure class=\"wp-block-image size-full\"><img fetchpriority=\"high\" decoding=\"async\" width=\"960\" height=\"540\" src=\"https:\/\/www.aecoute.net\/wp-content\/uploads\/2022\/03\/shannon_and_tt.png\" alt=\"Claude Shannon\" class=\"wp-image-576\" srcset=\"https:\/\/www.aecoute.net\/wp-content\/uploads\/2022\/03\/shannon_and_tt.png 960w, https:\/\/www.aecoute.net\/wp-content\/uploads\/2022\/03\/shannon_and_tt-300x169.png 300w, https:\/\/www.aecoute.net\/wp-content\/uploads\/2022\/03\/shannon_and_tt-768x432.png 768w\" sizes=\"(max-width: 960px) 100vw, 960px\" \/><\/figure>\n\n\n\n<p>Certaines id\u00e9es que j\u2019ai (je l\u2019esp\u00e8re) r\u00e9ussi \u00e0 comprendre de Claude SHANNON au sujet de la th\u00e9orie de la communication. Si vous avez des comp\u00e9tences en math\u00e9matiques, lisez : La th\u00e9orie math\u00e9matique de la communication. Et merci \u00e0 Warren WEAVER pour ses efforts de clarification m\u00eame si parfois selon certains, il a plus embrouill\u00e9 que clarifi\u00e9.<\/p>\n\n\n\n<p>Les \u00e9tudiants auxquels j&rsquo;avais pr\u00e9sent\u00e9 le documentaire l&rsquo;ont si peu appr\u00e9ci\u00e9 que je n&rsquo;ose plus le montrer et pourtant. On ne comprends rien \u00e0 la communication, si on n&rsquo;a pas compris Claude Shannon.<\/p>\n\n\n\n<p>Je lui suis vraiment redevable car sans ce documentaire, ma pens\u00e9e n&rsquo;en serait pas o\u00f9 elle est arriv\u00e9e et l\u00e0 o\u00f9 elle va se diriger.<\/p>\n\n\n\n<p>Merci monsieur Shannon !<\/p>\n\n\n\n<figure class=\"wp-block-embed is-type-video is-provider-youtube wp-block-embed-youtube wp-embed-aspect-16-9 wp-has-aspect-ratio\"><div class=\"wp-block-embed__wrapper\">\n<iframe title=\"Claude Shannon - The Bit Player Movie Trailer\" width=\"580\" height=\"326\" src=\"https:\/\/www.youtube.com\/embed\/E3OldEtfBrE?feature=oembed\" frameborder=\"0\" allow=\"accelerometer; autoplay; clipboard-write; encrypted-media; gyroscope; picture-in-picture; web-share\" referrerpolicy=\"strict-origin-when-cross-origin\" allowfullscreen><\/iframe>\n<\/div><\/figure>\n\n\n\n<p>Pour aller plus loin &#8230;<\/p>\n\n\n\n<figure class=\"wp-block-embed is-type-video is-provider-youtube wp-block-embed-youtube wp-embed-aspect-16-9 wp-has-aspect-ratio\"><div class=\"wp-block-embed__wrapper\">\nhttps:\/\/youtu.be\/PLhrqPtWVt4\n<\/div><\/figure>\n\n\n\n<figure class=\"wp-block-image size-large\"><img decoding=\"async\" src=\"https:\/\/images.epagine.fr\/229\/9782842252229_1_75.jpg\" alt=\"\"\/><\/figure>\n\n\n\n<ul class=\"wp-block-list\"><li><a href=\"https:\/\/fr.wikipedia.org\/wiki\/Claude_Shannon\" target=\"_blank\" rel=\"noreferrer noopener\">Pr\u00e9sentation sur wikip\u00e9dia<\/a><\/li><\/ul>\n","protected":false},"excerpt":{"rendered":"<p>Selon wikip\u00e9dia, Claude Elwood Shannon (30 avril 1916 \u00e0 Petoskey, Michigan &#8211; 24 f\u00e9vrier 2001 \u00e0 Medford, Massachusetts) est un ing\u00e9nieur en g\u00e9nie \u00e9lectrique et math\u00e9maticien am\u00e9ricain. Il est l&rsquo;un des p\u00e8res, si ce n&rsquo;est le p\u00e8re fondateur, de la th\u00e9orie de l&rsquo;information. Merci \u00e0 la cha\u00eene documentaire Histoire qui m&rsquo;a vraiment fait d\u00e9couvrir ce [&hellip;]<\/p>\n","protected":false},"author":1,"featured_media":0,"parent":316,"menu_order":0,"comment_status":"closed","ping_status":"closed","template":"","meta":{"_monsterinsights_skip_tracking":false,"_monsterinsights_sitenote_active":false,"_monsterinsights_sitenote_note":"","_monsterinsights_sitenote_category":0,"footnotes":""},"class_list":["post-575","page","type-page","status-publish","hentry"],"aioseo_notices":[],"_links":{"self":[{"href":"https:\/\/www.aecoute.net\/index.php\/wp-json\/wp\/v2\/pages\/575","targetHints":{"allow":["GET"]}}],"collection":[{"href":"https:\/\/www.aecoute.net\/index.php\/wp-json\/wp\/v2\/pages"}],"about":[{"href":"https:\/\/www.aecoute.net\/index.php\/wp-json\/wp\/v2\/types\/page"}],"author":[{"embeddable":true,"href":"https:\/\/www.aecoute.net\/index.php\/wp-json\/wp\/v2\/users\/1"}],"replies":[{"embeddable":true,"href":"https:\/\/www.aecoute.net\/index.php\/wp-json\/wp\/v2\/comments?post=575"}],"version-history":[{"count":6,"href":"https:\/\/www.aecoute.net\/index.php\/wp-json\/wp\/v2\/pages\/575\/revisions"}],"predecessor-version":[{"id":590,"href":"https:\/\/www.aecoute.net\/index.php\/wp-json\/wp\/v2\/pages\/575\/revisions\/590"}],"up":[{"embeddable":true,"href":"https:\/\/www.aecoute.net\/index.php\/wp-json\/wp\/v2\/pages\/316"}],"wp:attachment":[{"href":"https:\/\/www.aecoute.net\/index.php\/wp-json\/wp\/v2\/media?parent=575"}],"curies":[{"name":"wp","href":"https:\/\/api.w.org\/{rel}","templated":true}]}}