{"id":591,"date":"2022-03-07T12:20:31","date_gmt":"2022-03-07T11:20:31","guid":{"rendered":"https:\/\/www.aecoute.net\/?page_id=591"},"modified":"2022-03-07T18:42:46","modified_gmt":"2022-03-07T17:42:46","slug":"yuval-noah-harari","status":"publish","type":"page","link":"https:\/\/www.aecoute.net\/index.php\/presentations\/yuval-noah-harari\/","title":{"rendered":"Yuval Noah Harari"},"content":{"rendered":"\n<figure class=\"wp-block-image size-large\"><img decoding=\"async\" src=\"https:\/\/www.albin-michel.fr\/sites\/default\/files\/styles\/large\/public\/authors\/yuval-harari-web.jpg?itok=4LnCrdLb\" alt=\"\"\/><figcaption>Yuval Noah Harari<\/figcaption><\/figure>\n\n\n\n<p>Selon wikip\u00e9dia, Yuval Noah Harari, n\u00e9 le 24 f\u00e9vrier 1976 \u00e0 Kiryat-Ata, est un historien et \u00e9crivain isra\u00e9lien. Professeur d&rsquo;histoire \u00e0 l&rsquo;universit\u00e9 h\u00e9bra\u00efque de J\u00e9rusalem, il est l&rsquo;auteur du best-seller international Sapiens : Une br\u00e8ve histoire de l&rsquo;humanit\u00e9 et de sa suite Homo Deus : Une br\u00e8ve histoire de l&rsquo;avenir.<\/p>\n\n\n\n<p>Les id\u00e9es de Yuval Noah HARARI d\u00e9crites dans les gros livres : Sapiens, une br\u00e8ve histoire de l\u2019humanit\u00e9 et Homo Deus, une br\u00e8ve histoire du futur.<\/p>\n\n\n\n<p>Mon cerveau vit une r\u00e9action en cha\u00eene depuis cette rencontre. A chaque \u00e9coute de ses textes (Je l&rsquo;ai en livres audio) mes neurones rebondissent, s&rsquo;interconnectent, se reconnectent.<br>Certains chapitres de ces livres m\u2019ont amen\u00e9 \u00e0 refondre certaines de mes explications et \u00e0 changer ma mani\u00e8re de pr\u00e9senter les donn\u00e9es.<\/p>\n\n\n\n<p>Actuellement le plus grand apport que m&rsquo;a prodigu\u00e9 cet auteur est au niveau de l&rsquo;importance des algorithmes dans notre cerveau mais aussi dans notre monde. Les liens qu&rsquo;il a tiss\u00e9 entre la psychologie et l&rsquo;\u00e9conomie m&rsquo;ont \u00e9galement indirectement men\u00e9s au dilemne du prisonneier puis \u00e0 la th\u00e9orie des jeux. Sans lui, il manquerait \u00e0 ma pens\u00e9e un de ses principal pilier.<\/p>\n\n\n\n<p>Merci monsieur Harari !<\/p>\n\n\n\n<p>Pour aller plus loin &#8230;<\/p>\n\n\n\n<figure class=\"wp-block-embed is-type-video is-provider-youtube wp-block-embed-youtube wp-embed-aspect-16-9 wp-has-aspect-ratio\"><div class=\"wp-block-embed__wrapper\">\n<iframe title=\"Entretien avec Yuval Noah Harari, auteur du best-seller &quot;Sapiens&quot; d\u00e9sormais adapt\u00e9 en BD\" width=\"580\" height=\"326\" src=\"https:\/\/www.youtube.com\/embed\/nRwZRNnCLv0?feature=oembed\" frameborder=\"0\" allow=\"accelerometer; autoplay; clipboard-write; encrypted-media; gyroscope; picture-in-picture; web-share\" referrerpolicy=\"strict-origin-when-cross-origin\" allowfullscreen><\/iframe>\n<\/div><\/figure>\n\n\n\n<ul class=\"wp-block-list\"><li><a rel=\"noreferrer noopener\" href=\"https:\/\/fr.wikipedia.org\/wiki\/Yuval_Noah_Harari\" target=\"_blank\">Pr\u00e9sentation sur wikip\u00e9dia<\/a><\/li><li><a href=\"https:\/\/www.ynharari.com\/fr\/\" target=\"_blank\" rel=\"noreferrer noopener\">Son site officiel<\/a><\/li><\/ul>\n","protected":false},"excerpt":{"rendered":"<p>Selon wikip\u00e9dia, Yuval Noah Harari, n\u00e9 le 24 f\u00e9vrier 1976 \u00e0 Kiryat-Ata, est un historien et \u00e9crivain isra\u00e9lien. Professeur d&rsquo;histoire \u00e0 l&rsquo;universit\u00e9 h\u00e9bra\u00efque de J\u00e9rusalem, il est l&rsquo;auteur du best-seller international Sapiens : Une br\u00e8ve histoire de l&rsquo;humanit\u00e9 et de sa suite Homo Deus : Une br\u00e8ve histoire de l&rsquo;avenir. Les id\u00e9es de Yuval Noah [&hellip;]<\/p>\n","protected":false},"author":1,"featured_media":0,"parent":316,"menu_order":0,"comment_status":"closed","ping_status":"closed","template":"","meta":{"_monsterinsights_skip_tracking":false,"_monsterinsights_sitenote_active":false,"_monsterinsights_sitenote_note":"","_monsterinsights_sitenote_category":0,"footnotes":""},"class_list":["post-591","page","type-page","status-publish","hentry"],"aioseo_notices":[],"_links":{"self":[{"href":"https:\/\/www.aecoute.net\/index.php\/wp-json\/wp\/v2\/pages\/591","targetHints":{"allow":["GET"]}}],"collection":[{"href":"https:\/\/www.aecoute.net\/index.php\/wp-json\/wp\/v2\/pages"}],"about":[{"href":"https:\/\/www.aecoute.net\/index.php\/wp-json\/wp\/v2\/types\/page"}],"author":[{"embeddable":true,"href":"https:\/\/www.aecoute.net\/index.php\/wp-json\/wp\/v2\/users\/1"}],"replies":[{"embeddable":true,"href":"https:\/\/www.aecoute.net\/index.php\/wp-json\/wp\/v2\/comments?post=591"}],"version-history":[{"count":8,"href":"https:\/\/www.aecoute.net\/index.php\/wp-json\/wp\/v2\/pages\/591\/revisions"}],"predecessor-version":[{"id":611,"href":"https:\/\/www.aecoute.net\/index.php\/wp-json\/wp\/v2\/pages\/591\/revisions\/611"}],"up":[{"embeddable":true,"href":"https:\/\/www.aecoute.net\/index.php\/wp-json\/wp\/v2\/pages\/316"}],"wp:attachment":[{"href":"https:\/\/www.aecoute.net\/index.php\/wp-json\/wp\/v2\/media?parent=591"}],"curies":[{"name":"wp","href":"https:\/\/api.w.org\/{rel}","templated":true}]}}